{"id":73,"date":"2025-11-11T13:24:01","date_gmt":"2025-11-11T12:24:01","guid":{"rendered":"https:\/\/skolander.lennartoester.dk\/index.php\/vi-tilbyder-tavlen-festival\/"},"modified":"2025-12-18T15:52:42","modified_gmt":"2025-12-18T14:52:42","slug":"vi-tilbyder-tavlen-festival","status":"publish","type":"page","link":"https:\/\/skolander.lennartoester.dk\/index.php\/vi-tilbyder-tavlen-festival\/","title":{"rendered":"Vi tilbyder &#8211; Tavlen festival"},"content":{"rendered":"\t\t<div data-elementor-type=\"wp-page\" data-elementor-id=\"73\" class=\"elementor elementor-73\" data-elementor-post-type=\"page\">\n\t\t\t\t<div class=\"elementor-element elementor-element-aa9453e e-flex e-con-boxed e-con e-parent\" data-id=\"aa9453e\" data-element_type=\"container\" data-settings=\"{&quot;background_background&quot;:&quot;classic&quot;}\">\n\t\t\t\t\t<div class=\"e-con-inner\">\n\t\t\t\t<div class=\"elementor-element elementor-element-e86a82d elementor-widget elementor-widget-heading\" data-id=\"e86a82d\" data-element_type=\"widget\" data-widget_type=\"heading.default\">\n\t\t\t\t\t<h5 class=\"elementor-heading-title elementor-size-default\">Oplev de gode gamle dage<\/h5>\t\t\t\t<\/div>\n\t\t\t\t<div class=\"elementor-element elementor-element-4a172cd4 elementor-widget elementor-widget-heading\" data-id=\"4a172cd4\" data-element_type=\"widget\" data-widget_type=\"heading.default\">\n\t\t\t\t\t<h2 class=\"elementor-heading-title elementor-size-default\">TAVLEN FESTIVAL ER KLAR IGEN<\/h2>\t\t\t\t<\/div>\n\t\t\t\t<div class=\"elementor-element elementor-element-7aac92fa elementor-widget__width-initial elementor-widget elementor-widget-text-editor\" data-id=\"7aac92fa\" data-element_type=\"widget\" data-widget_type=\"text-editor.default\">\n\t\t\t\t\t\t\t\t\t<p>Programmet til dette \u00e5rs Tavlen Festival. d. xxx , er endnu ikke helt fastlagt, men vi lover at det bliver endnu st\u00f8rre og endnu vildere!<\/p><p>F\u00f8lg med p\u00e5 Facebook n\u00e5r vi \u00a0offentligg\u00f8res hvem der kommer og spiller til n\u00e6ste Tavlen Festival, samt hvor festivalen vil blive afholdt.\u00a0<\/p>\t\t\t\t\t\t\t\t<\/div>\n\t\t<div class=\"elementor-element elementor-element-1fc3ddc4 e-con-full e-flex e-con e-child\" data-id=\"1fc3ddc4\" data-element_type=\"container\">\n\t\t\t\t<div class=\"elementor-element elementor-element-5bf6b6e8 elementor-widget__width-auto elementor-mobile-align-right elementor-widget elementor-widget-button\" data-id=\"5bf6b6e8\" data-element_type=\"widget\" data-widget_type=\"button.default\">\n\t\t\t\t\t\t\t\t\t\t<a class=\"elementor-button elementor-button-link elementor-size-sm\" href=\"#\">\n\t\t\t\t\t\t<span class=\"elementor-button-content-wrapper\">\n\t\t\t\t\t\t\t\t\t<span class=\"elementor-button-text\">F\u00f8lg med p\u00e5 Facebook<\/span>\n\t\t\t\t\t<\/span>\n\t\t\t\t\t<\/a>\n\t\t\t\t\t\t\t\t<\/div>\n\t\t\t\t<div class=\"elementor-element elementor-element-7773b533 elementor-widget__width-auto elementor-mobile-align-right elementor-widget elementor-widget-button\" data-id=\"7773b533\" data-element_type=\"widget\" data-widget_type=\"button.default\">\n\t\t\t\t\t\t\t\t\t\t<a class=\"elementor-button elementor-button-link elementor-size-sm\" href=\"#\">\n\t\t\t\t\t\t<span class=\"elementor-button-content-wrapper\">\n\t\t\t\t\t\t\t\t\t<span class=\"elementor-button-text\">K\u00f8b billlet her<\/span>\n\t\t\t\t\t<\/span>\n\t\t\t\t\t<\/a>\n\t\t\t\t\t\t\t\t<\/div>\n\t\t\t\t<\/div>\n\t\t\t\t\t<\/div>\n\t\t\t\t<\/div>\n\t\t<div class=\"elementor-element elementor-element-48359d74 e-flex e-con-boxed e-con e-parent\" data-id=\"48359d74\" data-element_type=\"container\" data-settings=\"{&quot;background_background&quot;:&quot;classic&quot;}\">\n\t\t\t\t\t<div class=\"e-con-inner\">\n\t\t<div class=\"elementor-element elementor-element-59b3d88 e-con-full e-flex e-con e-child\" data-id=\"59b3d88\" data-element_type=\"container\">\n\t\t\t\t<div class=\"elementor-element elementor-element-5b2b48f elementor--h-position-center elementor--v-position-middle elementor-arrows-position-inside elementor-pagination-position-inside elementor-widget elementor-widget-slides\" data-id=\"5b2b48f\" data-element_type=\"widget\" data-settings=\"{&quot;navigation&quot;:&quot;both&quot;,&quot;autoplay&quot;:&quot;yes&quot;,&quot;pause_on_hover&quot;:&quot;yes&quot;,&quot;pause_on_interaction&quot;:&quot;yes&quot;,&quot;autoplay_speed&quot;:5000,&quot;infinite&quot;:&quot;yes&quot;,&quot;transition&quot;:&quot;slide&quot;,&quot;transition_speed&quot;:500}\" data-widget_type=\"slides.default\">\n\t\t\t\t\t\t\t\t\t\t<div class=\"elementor-slides-wrapper elementor-main-swiper swiper\" role=\"region\" aria-roledescription=\"carousel\" aria-label=\"Dias (slides)\" dir=\"ltr\" data-animation=\"fadeInUp\">\n\t\t\t\t<div class=\"swiper-wrapper elementor-slides\">\n\t\t\t\t\t\t\t\t\t\t<div class=\"elementor-repeater-item-0b941ae swiper-slide\" role=\"group\" aria-roledescription=\"slide\"><div class=\"swiper-slide-bg\" role=\"img\" aria-label=\"L1__4-768x512\"><\/div><div class=\"swiper-slide-inner\" ><div class=\"swiper-slide-contents\"><\/div><\/div><\/div><div class=\"elementor-repeater-item-e8bbed7 swiper-slide\" role=\"group\" aria-roledescription=\"slide\"><div class=\"swiper-slide-bg\" role=\"img\" aria-label=\"L1__39-768x512\"><\/div><div class=\"swiper-slide-inner\" ><div class=\"swiper-slide-contents\"><\/div><\/div><\/div><div class=\"elementor-repeater-item-f389ee2 swiper-slide\" role=\"group\" aria-roledescription=\"slide\"><div class=\"swiper-slide-bg\" role=\"img\" aria-label=\"L1__37-768x512\"><\/div><div class=\"swiper-slide-inner\" ><div class=\"swiper-slide-contents\"><\/div><\/div><\/div><div class=\"elementor-repeater-item-fdbbbcd swiper-slide\" role=\"group\" aria-roledescription=\"slide\"><div class=\"swiper-slide-bg\" role=\"img\" aria-label=\"492424806_1220340243435252_2349805338498710778_n\"><\/div><div class=\"swiper-slide-inner\" ><div class=\"swiper-slide-contents\"><\/div><\/div><\/div><div class=\"elementor-repeater-item-f97cc76 swiper-slide\" role=\"group\" aria-roledescription=\"slide\"><div class=\"swiper-slide-bg\" role=\"img\" aria-label=\"494022135_1220339923435284_7046246007846074903_n\"><\/div><div class=\"swiper-slide-inner\" ><div class=\"swiper-slide-contents\"><\/div><\/div><\/div><div class=\"elementor-repeater-item-df6b6c5 swiper-slide\" role=\"group\" aria-roledescription=\"slide\"><div class=\"swiper-slide-bg\" role=\"img\" aria-label=\"71834368_136594931065905_5287738652779085824_n\"><\/div><div class=\"swiper-slide-inner\" ><div class=\"swiper-slide-contents\"><\/div><\/div><\/div><div class=\"elementor-repeater-item-60961b9 swiper-slide\" role=\"group\" aria-roledescription=\"slide\"><div class=\"swiper-slide-bg\" role=\"img\" aria-label=\"493951063_1220334816769128_235083902597711385_n\"><\/div><div class=\"swiper-slide-inner\" ><div class=\"swiper-slide-contents\"><\/div><\/div><\/div><div class=\"elementor-repeater-item-f1fce2b swiper-slide\" role=\"group\" aria-roledescription=\"slide\"><div class=\"swiper-slide-bg\" role=\"img\" aria-label=\"493917226_1220334796769130_5477891056121457339_n\"><\/div><div class=\"swiper-slide-inner\" ><div class=\"swiper-slide-contents\"><\/div><\/div><\/div><div class=\"elementor-repeater-item-88bbe5e swiper-slide\" role=\"group\" aria-roledescription=\"slide\"><div class=\"swiper-slide-bg\" role=\"img\" aria-label=\"494022135_1220339923435284_7046246007846074903_n\"><\/div><div class=\"swiper-slide-inner\" ><div class=\"swiper-slide-contents\"><\/div><\/div><\/div><div class=\"elementor-repeater-item-7a08105 swiper-slide\" role=\"group\" aria-roledescription=\"slide\"><div class=\"swiper-slide-bg\" role=\"img\" aria-label=\"492341640_1220339860101957_2743767284230259071_n\"><\/div><div class=\"swiper-slide-inner\" ><div class=\"swiper-slide-contents\"><\/div><\/div><\/div>\t\t\t\t<\/div>\n\t\t\t\t\t\t\t\t\t\t\t\t\t\t\t<div class=\"elementor-swiper-button elementor-swiper-button-prev\" role=\"button\" tabindex=\"0\" aria-label=\"Previous slide\">\n\t\t\t\t\t\t\t<svg aria-hidden=\"true\" class=\"e-font-icon-svg e-eicon-chevron-left\" viewBox=\"0 0 1000 1000\" xmlns=\"http:\/\/www.w3.org\/2000\/svg\"><path d=\"M646 125C629 125 613 133 604 142L308 442C296 454 292 471 292 487 292 504 296 521 308 533L604 854C617 867 629 875 646 875 663 875 679 871 692 858 704 846 713 829 713 812 713 796 708 779 692 767L438 487 692 225C700 217 708 204 708 187 708 171 704 154 692 142 675 129 663 125 646 125Z\"><\/path><\/svg>\t\t\t\t\t\t<\/div>\n\t\t\t\t\t\t<div class=\"elementor-swiper-button elementor-swiper-button-next\" role=\"button\" tabindex=\"0\" aria-label=\"Next slide\">\n\t\t\t\t\t\t\t<svg aria-hidden=\"true\" class=\"e-font-icon-svg e-eicon-chevron-right\" viewBox=\"0 0 1000 1000\" xmlns=\"http:\/\/www.w3.org\/2000\/svg\"><path d=\"M696 533C708 521 713 504 713 487 713 471 708 454 696 446L400 146C388 133 375 125 354 125 338 125 325 129 313 142 300 154 292 171 292 187 292 204 296 221 308 233L563 492 304 771C292 783 288 800 288 817 288 833 296 850 308 863 321 871 338 875 354 875 371 875 388 867 400 854L696 533Z\"><\/path><\/svg>\t\t\t\t\t\t<\/div>\n\t\t\t\t\t\t\t\t\t\t\t\t\t\t\t\t<div class=\"swiper-pagination\"><\/div>\n\t\t\t\t\t\t\t\t\t\t\t\t<\/div>\n\t\t\t\t\t\t\t\t<\/div>\n\t\t\t\t<\/div>\n\t\t<div class=\"elementor-element elementor-element-2ce2f64 e-con-full e-flex e-con e-child\" data-id=\"2ce2f64\" data-element_type=\"container\">\n\t\t\t\t<div class=\"elementor-element elementor-element-1fe519d0 elementor-widget elementor-widget-heading\" data-id=\"1fe519d0\" data-element_type=\"widget\" data-widget_type=\"heading.default\">\n\t\t\t\t\t<h2 class=\"elementor-heading-title elementor-size-default\">Gamle venner og <br>\nnye bekendtskaber<\/h2>\t\t\t\t<\/div>\n\t\t\t\t<div class=\"elementor-element elementor-element-16d48f41 elementor-widget elementor-widget-text-editor\" data-id=\"16d48f41\" data-element_type=\"widget\" data-widget_type=\"text-editor.default\">\n\t\t\t\t\t\t\t\t\t<div class=\"elementor-element elementor-element-f96558e elementor-widget elementor-widget-heading\" data-id=\"f96558e\" data-element_type=\"widget\" data-widget_type=\"heading.default\"><div class=\"elementor-widget-container\">\u00a0<\/div><\/div><div class=\"elementor-element elementor-element-e1884d2 elementor-widget elementor-widget-text-editor\" data-id=\"e1884d2\" data-element_type=\"widget\" data-widget_type=\"text-editor.default\"><div class=\"elementor-widget-container\"><div class=\"elementor-text-editor elementor-clearfix\"><p>Tavlen Festival blev holdt for f\u00f8rste gang den 28. december 2019, til minde om spillestedet Tavlen i Kolding, som lukkede i \u00e5r 2017.<\/p><p>Godt 600 mennesker blev samlet til Tavlen Festival 2019. \u00c5nden var fuldst\u00e6dig som den var p\u00e5 Tavlen og i f\u00e6llesskab lyttede, sang og dansede vi til musik, som blev spillet af de gode gamle bands fra Tavlens tid og et enkelt nyt bekendskab.\u00a0<\/p><p>(Hit it Live, Heart Rock, Hvide L\u00f8gne og Midt om Natten).<\/p><\/div><\/div><\/div>\t\t\t\t\t\t\t\t<\/div>\n\t\t\t\t<\/div>\n\t\t\t\t\t<\/div>\n\t\t\t\t<\/div>\n\t\t<div class=\"elementor-element elementor-element-636218c e-flex e-con-boxed e-con e-parent\" data-id=\"636218c\" data-element_type=\"container\">\n\t\t\t\t\t<div class=\"e-con-inner\">\n\t\t\t\t<div class=\"elementor-element elementor-element-47e063e elementor-widget elementor-widget-image\" data-id=\"47e063e\" data-element_type=\"widget\" data-widget_type=\"image.default\">\n\t\t\t\t\t\t\t\t\t\t\t\t\t\t\t\t<a href=\"http:\/\/skolander.lennartoester.dk\/wp-content\/uploads\/2025\/12\/Ugeavisen_Tavlen_Arena-syd_vamdrup.png\" data-elementor-open-lightbox=\"yes\" data-elementor-lightbox-title=\"Ugeavisen_Tavlen_Arena-syd_vamdrup\" data-e-action-hash=\"#elementor-action%3Aaction%3Dlightbox%26settings%3DeyJpZCI6Mjg5LCJ1cmwiOiJodHRwczpcL1wvc2tvbGFuZGVyLmxlbm5hcnRvZXN0ZXIuZGtcL3dwLWNvbnRlbnRcL3VwbG9hZHNcLzIwMjVcLzEyXC9VZ2VhdmlzZW5fVGF2bGVuX0FyZW5hLXN5ZF92YW1kcnVwLnBuZyJ9\">\n\t\t\t\t\t\t\t<img fetchpriority=\"high\" decoding=\"async\" width=\"800\" height=\"525\" src=\"https:\/\/skolander.lennartoester.dk\/wp-content\/uploads\/2025\/12\/Ugeavisen_Tavlen_Arena-syd_vamdrup-1024x672.png\" class=\"attachment-large size-large wp-image-289\" alt=\"\" srcset=\"https:\/\/skolander.lennartoester.dk\/wp-content\/uploads\/2025\/12\/Ugeavisen_Tavlen_Arena-syd_vamdrup-1024x672.png 1024w, https:\/\/skolander.lennartoester.dk\/wp-content\/uploads\/2025\/12\/Ugeavisen_Tavlen_Arena-syd_vamdrup-300x197.png 300w, https:\/\/skolander.lennartoester.dk\/wp-content\/uploads\/2025\/12\/Ugeavisen_Tavlen_Arena-syd_vamdrup-768x504.png 768w, https:\/\/skolander.lennartoester.dk\/wp-content\/uploads\/2025\/12\/Ugeavisen_Tavlen_Arena-syd_vamdrup-1536x1008.png 1536w, https:\/\/skolander.lennartoester.dk\/wp-content\/uploads\/2025\/12\/Ugeavisen_Tavlen_Arena-syd_vamdrup-2048x1344.png 2048w\" sizes=\"(max-width: 800px) 100vw, 800px\" \/>\t\t\t\t\t\t\t\t<\/a>\n\t\t\t\t\t\t\t\t\t\t\t\t\t\t\t<\/div>\n\t\t\t\t\t<\/div>\n\t\t\t\t<\/div>\n\t\t\t\t<\/div>\n\t\t","protected":false},"excerpt":{"rendered":"<p>Oplev de gode gamle dage TAVLEN FESTIVAL ER KLAR IGEN Programmet til dette \u00e5rs Tavlen Festival. d. xxx , er endnu ikke helt fastlagt, men vi lover at det bliver endnu st\u00f8rre og endnu vildere! F\u00f8lg med p\u00e5 Facebook n\u00e5r vi \u00a0offentligg\u00f8res hvem der kommer og spiller til n\u00e6ste Tavlen Festival, samt hvor festivalen vil [&hellip;]<\/p>\n","protected":false},"author":1,"featured_media":0,"parent":0,"menu_order":0,"comment_status":"closed","ping_status":"closed","template":"","meta":{"footnotes":""},"class_list":["post-73","page","type-page","status-publish","hentry"],"_links":{"self":[{"href":"https:\/\/skolander.lennartoester.dk\/index.php\/wp-json\/wp\/v2\/pages\/73","targetHints":{"allow":["GET"]}}],"collection":[{"href":"https:\/\/skolander.lennartoester.dk\/index.php\/wp-json\/wp\/v2\/pages"}],"about":[{"href":"https:\/\/skolander.lennartoester.dk\/index.php\/wp-json\/wp\/v2\/types\/page"}],"author":[{"embeddable":true,"href":"https:\/\/skolander.lennartoester.dk\/index.php\/wp-json\/wp\/v2\/users\/1"}],"replies":[{"embeddable":true,"href":"https:\/\/skolander.lennartoester.dk\/index.php\/wp-json\/wp\/v2\/comments?post=73"}],"version-history":[{"count":19,"href":"https:\/\/skolander.lennartoester.dk\/index.php\/wp-json\/wp\/v2\/pages\/73\/revisions"}],"predecessor-version":[{"id":366,"href":"https:\/\/skolander.lennartoester.dk\/index.php\/wp-json\/wp\/v2\/pages\/73\/revisions\/366"}],"wp:attachment":[{"href":"https:\/\/skolander.lennartoester.dk\/index.php\/wp-json\/wp\/v2\/media?parent=73"}],"curies":[{"name":"wp","href":"https:\/\/api.w.org\/{rel}","templated":true}]}}