{"id":119,"date":"2025-11-11T13:24:28","date_gmt":"2025-11-11T12:24:28","guid":{"rendered":"https:\/\/skolander.lennartoester.dk\/index.php\/info-om-os\/"},"modified":"2026-01-14T10:57:28","modified_gmt":"2026-01-14T09:57:28","slug":"info-om-os","status":"publish","type":"page","link":"https:\/\/skolander.lennartoester.dk\/index.php\/info-om-os\/","title":{"rendered":"Info\/Om os"},"content":{"rendered":"\t\t<div data-elementor-type=\"wp-page\" data-elementor-id=\"119\" class=\"elementor elementor-119\" data-elementor-post-type=\"page\">\n\t\t\t\t<div class=\"elementor-element elementor-element-4196cb02 e-flex e-con-boxed e-con e-parent\" data-id=\"4196cb02\" data-element_type=\"container\" data-settings=\"{&quot;background_background&quot;:&quot;classic&quot;}\">\n\t\t\t\t\t<div class=\"e-con-inner\">\n\t\t<div class=\"elementor-element elementor-element-3ca2d193 e-con-full e-flex e-con e-child\" data-id=\"3ca2d193\" data-element_type=\"container\">\n\t\t\t\t<div class=\"elementor-element elementor-element-15819264 elementor-widget elementor-widget-heading\" data-id=\"15819264\" data-element_type=\"widget\" data-widget_type=\"heading.default\">\n\t\t\t\t\t<h1 class=\"elementor-heading-title elementor-size-default\">Om os<\/h1>\t\t\t\t<\/div>\n\t\t\t\t<\/div>\n\t\t<div class=\"elementor-element elementor-element-350b4047 e-con-full e-flex e-con e-child\" data-id=\"350b4047\" data-element_type=\"container\">\n\t\t\t\t<div class=\"elementor-element elementor-element-7e692a36 elementor-widget elementor-widget-text-editor\" data-id=\"7e692a36\" data-element_type=\"widget\" data-widget_type=\"text-editor.default\">\n\t\t\t\t\t\t\t\t\t<p>.<\/p>\t\t\t\t\t\t\t\t<\/div>\n\t\t\t\t<\/div>\n\t\t\t\t\t<\/div>\n\t\t\t\t<\/div>\n\t\t<div class=\"elementor-element elementor-element-1ca835bd e-con-full e-flex e-con e-parent\" data-id=\"1ca835bd\" data-element_type=\"container\">\n\t\t<div class=\"elementor-element elementor-element-0859beb e-con-full e-flex e-con e-child\" data-id=\"0859beb\" data-element_type=\"container\">\n\t\t<div class=\"elementor-element elementor-element-6c4bc57 e-con-full e-flex e-con e-child\" data-id=\"6c4bc57\" data-element_type=\"container\">\n\t\t\t\t<div class=\"elementor-element elementor-element-cf25735 elementor-widget elementor-widget-heading\" data-id=\"cf25735\" data-element_type=\"widget\" data-widget_type=\"heading.default\">\n\t\t\t\t\t<h2 class=\"elementor-heading-title elementor-size-default\">Vores Vision<\/h2>\t\t\t\t<\/div>\n\t\t\t\t<div class=\"elementor-element elementor-element-5bf543f elementor-widget__width-initial elementor-widget-mobile__width-inherit elementor-widget elementor-widget-text-editor\" data-id=\"5bf543f\" data-element_type=\"widget\" data-widget_type=\"text-editor.default\">\n\t\t\t\t\t\t\t\t\t<p>Hos Skolander Events str\u00e6ber vi efter at blive den foretrukne partner for eventplanl\u00e6gning i Danmark. Vi \u00f8nsker at levere professionelle l\u00f8sninger, der skaber uforglemmelige oplevelser for b\u00e5de private og erhvervslivet. Vores engagement i kvalitet og sikkerhed g\u00f8r, at vores kunder kan f\u00f8le sig trygge i hver eneste beslutning, de tr\u00e6ffer sammen med os.<\/p>\t\t\t\t\t\t\t\t<\/div>\n\t\t\t\t<\/div>\n\t\t<div class=\"elementor-element elementor-element-9e953a1 e-con-full e-flex e-con e-child\" data-id=\"9e953a1\" data-element_type=\"container\" data-settings=\"{&quot;background_background&quot;:&quot;classic&quot;}\">\n\t\t\t\t<\/div>\n\t\t\t\t<\/div>\n\t\t\t\t<\/div>\n\t\t<div class=\"elementor-element elementor-element-f002b2e e-con-full e-flex e-con e-parent\" data-id=\"f002b2e\" data-element_type=\"container\">\n\t\t<div class=\"elementor-element elementor-element-7811b02 e-con-full elementor-hidden-mobile e-flex e-con e-child\" data-id=\"7811b02\" data-element_type=\"container\" data-settings=\"{&quot;background_background&quot;:&quot;classic&quot;}\">\n\t\t\t\t<\/div>\n\t\t<div class=\"elementor-element elementor-element-9968d2c e-con-full e-flex e-con e-child\" data-id=\"9968d2c\" data-element_type=\"container\">\n\t\t<div class=\"elementor-element elementor-element-645a381 e-con-full e-flex e-con e-child\" data-id=\"645a381\" data-element_type=\"container\">\n\t\t\t\t<div class=\"elementor-element elementor-element-4919d16 elementor-widget elementor-widget-heading\" data-id=\"4919d16\" data-element_type=\"widget\" data-widget_type=\"heading.default\">\n\t\t\t\t\t<h2 class=\"elementor-heading-title elementor-size-default\">Historien bag <\/h2>\t\t\t\t<\/div>\n\t\t\t\t<div class=\"elementor-element elementor-element-21c95c1 elementor-widget__width-initial elementor-widget-mobile__width-inherit elementor-widget elementor-widget-text-editor\" data-id=\"21c95c1\" data-element_type=\"widget\" data-widget_type=\"text-editor.default\">\n\t\t\t\t\t\t\t\t\t<p>Skolander Event blev skabt med \u00f8nsket om at samle professionel eventafvikling og booking under \u00e9t navn. Med r\u00f8dder i musik- og eventbranchen har virksomheden fra starten haft fokus p\u00e5 at formidle kvalitetsoplevelser og skabe st\u00e6rke samarbejder mellem kunstnere, arrang\u00f8rer og publikum. Gennem \u00e5rene har Skolander Event udviklet sig i takt med branchen og opbygget erfaring inden for b\u00e5de planl\u00e6gning, koordinering og gennemf\u00f8relse af events i forskellige st\u00f8rrelser.<\/p>\t\t\t\t\t\t\t\t<\/div>\n\t\t\t\t<\/div>\n\t\t\t\t<\/div>\n\t\t\t\t<\/div>\n\t\t<div class=\"elementor-element elementor-element-45a7915 e-flex e-con-boxed e-con e-parent\" data-id=\"45a7915\" data-element_type=\"container\" data-settings=\"{&quot;background_background&quot;:&quot;classic&quot;}\">\n\t\t\t\t\t<div class=\"e-con-inner\">\n\t\t\t\t<div class=\"elementor-element elementor-element-3153d0d7 elementor-widget elementor-widget-heading\" data-id=\"3153d0d7\" data-element_type=\"widget\" data-widget_type=\"heading.default\">\n\t\t\t\t\t<h2 class=\"elementor-heading-title elementor-size-default\">M\u00f8d vores team<\/h2>\t\t\t\t<\/div>\n\t\t\t\t<div class=\"elementor-element elementor-element-4f8f63bf elementor-widget elementor-widget-heading\" data-id=\"4f8f63bf\" data-element_type=\"widget\" data-widget_type=\"heading.default\">\n\t\t\t\t\t<h2 class=\"elementor-heading-title elementor-size-default\">Vores medarbejdere<\/h2>\t\t\t\t<\/div>\n\t\t\t\t<div class=\"elementor-element elementor-element-98cd642 elementor-widget elementor-widget-text-editor\" data-id=\"98cd642\" data-element_type=\"widget\" data-widget_type=\"text-editor.default\">\n\t\t\t\t\t\t\t\t\t<p>Vores dygtige medarbejdere br\u00e6nder for at levere de bedste l\u00f8sninger til dine arrangementer.<\/p>\t\t\t\t\t\t\t\t<\/div>\n\t\t<div class=\"elementor-element elementor-element-78a05822 e-grid e-con-boxed e-con e-child\" data-id=\"78a05822\" data-element_type=\"container\">\n\t\t\t\t\t<div class=\"e-con-inner\">\n\t\t<div class=\"elementor-element elementor-element-5dbca8b2 e-con-full e-flex e-con e-child\" data-id=\"5dbca8b2\" data-element_type=\"container\">\n\t\t\t\t<div class=\"elementor-element elementor-element-550d526b elementor-vertical-align-centered elementor-position-right elementor-widget elementor-widget-image-box\" data-id=\"550d526b\" data-element_type=\"widget\" data-widget_type=\"image-box.default\">\n\t\t\t\t\t<div class=\"elementor-image-box-wrapper\"><figure class=\"elementor-image-box-img\"><img fetchpriority=\"high\" decoding=\"async\" width=\"200\" height=\"250\" src=\"https:\/\/skolander.lennartoester.dk\/wp-content\/uploads\/2025\/11\/Jakob-Skolander.jpg\" class=\"attachment-full size-full wp-image-230\" alt=\"\" \/><\/figure><div class=\"elementor-image-box-content\"><h3 class=\"elementor-image-box-title\">Jakob Skolander<\/h3><p class=\"elementor-image-box-description\">CEO<\/p><\/div><\/div>\t\t\t\t<\/div>\n\t\t\t\t<div class=\"elementor-element elementor-element-4056d9ed elementor-widget elementor-widget-text-editor\" data-id=\"4056d9ed\" data-element_type=\"widget\" data-widget_type=\"text-editor.default\">\n\t\t\t\t\t\t\t\t\t<p>\u00a0<\/p><p>\u00a0<\/p><p><span style=\"font-weight: 400;\">jakob@skolanderevent.dk<br \/><\/span><span style=\"font-weight: 400;\">+45 71 994 998<\/span><\/p>\t\t\t\t\t\t\t\t<\/div>\n\t\t\t\t<div class=\"elementor-element elementor-element-736394b2 elementor-widget-divider--view-line elementor-widget elementor-widget-divider\" data-id=\"736394b2\" data-element_type=\"widget\" data-widget_type=\"divider.default\">\n\t\t\t\t\t\t\t<div class=\"elementor-divider\">\n\t\t\t<span class=\"elementor-divider-separator\">\n\t\t\t\t\t\t<\/span>\n\t\t<\/div>\n\t\t\t\t\t\t<\/div>\n\t\t\t\t<div class=\"elementor-element elementor-element-30a1a1f6 elementor-shape-rounded elementor-grid-0 elementor-widget elementor-widget-social-icons\" data-id=\"30a1a1f6\" data-element_type=\"widget\" data-widget_type=\"social-icons.default\">\n\t\t\t\t\t\t\t<div class=\"elementor-social-icons-wrapper elementor-grid\">\n\t\t\t\t\t\t\t<span class=\"elementor-grid-item\">\n\t\t\t\t\t<a class=\"elementor-icon elementor-social-icon elementor-social-icon-linkedin elementor-repeater-item-0fa3d9b\" target=\"_blank\">\n\t\t\t\t\t\t<span class=\"elementor-screen-only\">Linkedin<\/span>\n\t\t\t\t\t\t<svg aria-hidden=\"true\" class=\"e-font-icon-svg e-fab-linkedin\" viewBox=\"0 0 448 512\" xmlns=\"http:\/\/www.w3.org\/2000\/svg\"><path d=\"M416 32H31.9C14.3 32 0 46.5 0 64.3v383.4C0 465.5 14.3 480 31.9 480H416c17.6 0 32-14.5 32-32.3V64.3c0-17.8-14.4-32.3-32-32.3zM135.4 416H69V202.2h66.5V416zm-33.2-243c-21.3 0-38.5-17.3-38.5-38.5S80.9 96 102.2 96c21.2 0 38.5 17.3 38.5 38.5 0 21.3-17.2 38.5-38.5 38.5zm282.1 243h-66.4V312c0-24.8-.5-56.7-34.5-56.7-34.6 0-39.9 27-39.9 54.9V416h-66.4V202.2h63.7v29.2h.9c8.9-16.8 30.6-34.5 62.9-34.5 67.2 0 79.7 44.3 79.7 101.9V416z\"><\/path><\/svg>\t\t\t\t\t<\/a>\n\t\t\t\t<\/span>\n\t\t\t\t\t<\/div>\n\t\t\t\t\t\t<\/div>\n\t\t\t\t<\/div>\n\t\t<div class=\"elementor-element elementor-element-7d71e965 e-con-full e-flex e-con e-child\" data-id=\"7d71e965\" data-element_type=\"container\">\n\t\t\t\t<div class=\"elementor-element elementor-element-4c82015a elementor-vertical-align-centered elementor-position-right elementor-widget elementor-widget-image-box\" data-id=\"4c82015a\" data-element_type=\"widget\" data-widget_type=\"image-box.default\">\n\t\t\t\t\t<div class=\"elementor-image-box-wrapper\"><figure class=\"elementor-image-box-img\"><img decoding=\"async\" width=\"359\" height=\"359\" src=\"https:\/\/skolander.lennartoester.dk\/wp-content\/uploads\/2025\/11\/Ikke-angivet-1-e1620589195355.jpg\" class=\"attachment-full size-full wp-image-229\" alt=\"\" srcset=\"https:\/\/skolander.lennartoester.dk\/wp-content\/uploads\/2025\/11\/Ikke-angivet-1-e1620589195355.jpg 359w, https:\/\/skolander.lennartoester.dk\/wp-content\/uploads\/2025\/11\/Ikke-angivet-1-e1620589195355-300x300.jpg 300w, https:\/\/skolander.lennartoester.dk\/wp-content\/uploads\/2025\/11\/Ikke-angivet-1-e1620589195355-150x150.jpg 150w\" sizes=\"(max-width: 359px) 100vw, 359px\" \/><\/figure><div class=\"elementor-image-box-content\"><h3 class=\"elementor-image-box-title\">Kasper Thomsen<\/h3><p class=\"elementor-image-box-description\">Lydtekniker og planl\u00e6gger<\/p><\/div><\/div>\t\t\t\t<\/div>\n\t\t\t\t<div class=\"elementor-element elementor-element-37f9d189 elementor-widget-divider--view-line elementor-widget elementor-widget-divider\" data-id=\"37f9d189\" data-element_type=\"widget\" data-widget_type=\"divider.default\">\n\t\t\t\t\t\t\t<div class=\"elementor-divider\">\n\t\t\t<span class=\"elementor-divider-separator\">\n\t\t\t\t\t\t<\/span>\n\t\t<\/div>\n\t\t\t\t\t\t<\/div>\n\t\t\t\t<\/div>\n\t\t<div class=\"elementor-element elementor-element-5bae1507 e-con-full e-flex e-con e-child\" data-id=\"5bae1507\" data-element_type=\"container\">\n\t\t\t\t<div class=\"elementor-element elementor-element-472d3a4a elementor-vertical-align-centered elementor-position-right elementor-widget elementor-widget-image-box\" data-id=\"472d3a4a\" data-element_type=\"widget\" data-widget_type=\"image-box.default\">\n\t\t\t\t\t<div class=\"elementor-image-box-wrapper\"><figure class=\"elementor-image-box-img\"><img decoding=\"async\" width=\"359\" height=\"359\" src=\"https:\/\/skolander.lennartoester.dk\/wp-content\/uploads\/2025\/11\/Ikke-angivet-1-e1620589195355.jpg\" class=\"attachment-full size-full wp-image-229\" alt=\"\" srcset=\"https:\/\/skolander.lennartoester.dk\/wp-content\/uploads\/2025\/11\/Ikke-angivet-1-e1620589195355.jpg 359w, https:\/\/skolander.lennartoester.dk\/wp-content\/uploads\/2025\/11\/Ikke-angivet-1-e1620589195355-300x300.jpg 300w, https:\/\/skolander.lennartoester.dk\/wp-content\/uploads\/2025\/11\/Ikke-angivet-1-e1620589195355-150x150.jpg 150w\" sizes=\"(max-width: 359px) 100vw, 359px\" \/><\/figure><div class=\"elementor-image-box-content\"><h3 class=\"elementor-image-box-title\">Mathias Mikkelsen<\/h3><p class=\"elementor-image-box-description\">Lydtekniker\n<br>\n<br>\n<\/p><\/div><\/div>\t\t\t\t<\/div>\n\t\t\t\t<div class=\"elementor-element elementor-element-427b8282 elementor-widget-divider--view-line elementor-widget elementor-widget-divider\" data-id=\"427b8282\" data-element_type=\"widget\" data-widget_type=\"divider.default\">\n\t\t\t\t\t\t\t<div class=\"elementor-divider\">\n\t\t\t<span class=\"elementor-divider-separator\">\n\t\t\t\t\t\t<\/span>\n\t\t<\/div>\n\t\t\t\t\t\t<\/div>\n\t\t\t\t<\/div>\n\t\t<div class=\"elementor-element elementor-element-4f527332 e-con-full e-flex e-con e-child\" data-id=\"4f527332\" data-element_type=\"container\">\n\t\t\t\t<div class=\"elementor-element elementor-element-79300b9f elementor-vertical-align-centered elementor-position-right elementor-widget elementor-widget-image-box\" data-id=\"79300b9f\" data-element_type=\"widget\" data-widget_type=\"image-box.default\">\n\t\t\t\t\t<div class=\"elementor-image-box-wrapper\"><figure class=\"elementor-image-box-img\"><img decoding=\"async\" width=\"202\" height=\"250\" src=\"https:\/\/skolander.lennartoester.dk\/wp-content\/uploads\/2025\/11\/Michael_Skouboe.jpg\" class=\"attachment-full size-full wp-image-228\" alt=\"\" \/><\/figure><div class=\"elementor-image-box-content\"><h3 class=\"elementor-image-box-title\">Michael Skovboe<\/h3><p class=\"elementor-image-box-description\">Lydtekniker\n<br>\n<br>\n<br>\n<\/p><\/div><\/div>\t\t\t\t<\/div>\n\t\t\t\t<div class=\"elementor-element elementor-element-63389c9 elementor-widget-divider--view-line elementor-widget elementor-widget-divider\" data-id=\"63389c9\" data-element_type=\"widget\" data-widget_type=\"divider.default\">\n\t\t\t\t\t\t\t<div class=\"elementor-divider\">\n\t\t\t<span class=\"elementor-divider-separator\">\n\t\t\t\t\t\t<\/span>\n\t\t<\/div>\n\t\t\t\t\t\t<\/div>\n\t\t\t\t<\/div>\n\t\t\t\t\t<\/div>\n\t\t\t\t<\/div>\n\t\t\t\t\t<\/div>\n\t\t\t\t<\/div>\n\t\t\t\t<\/div>\n\t\t","protected":false},"excerpt":{"rendered":"<p>Om os . Vores Vision Hos Skolander Events str\u00e6ber vi efter at blive den foretrukne partner for eventplanl\u00e6gning i Danmark. Vi \u00f8nsker at levere professionelle l\u00f8sninger, der skaber uforglemmelige oplevelser for b\u00e5de private og erhvervslivet. Vores engagement i kvalitet og sikkerhed g\u00f8r, at vores kunder kan f\u00f8le sig trygge i hver eneste beslutning, de tr\u00e6ffer [&hellip;]<\/p>\n","protected":false},"author":1,"featured_media":0,"parent":0,"menu_order":0,"comment_status":"closed","ping_status":"closed","template":"","meta":{"footnotes":""},"class_list":["post-119","page","type-page","status-publish","hentry"],"_links":{"self":[{"href":"https:\/\/skolander.lennartoester.dk\/index.php\/wp-json\/wp\/v2\/pages\/119","targetHints":{"allow":["GET"]}}],"collection":[{"href":"https:\/\/skolander.lennartoester.dk\/index.php\/wp-json\/wp\/v2\/pages"}],"about":[{"href":"https:\/\/skolander.lennartoester.dk\/index.php\/wp-json\/wp\/v2\/types\/page"}],"author":[{"embeddable":true,"href":"https:\/\/skolander.lennartoester.dk\/index.php\/wp-json\/wp\/v2\/users\/1"}],"replies":[{"embeddable":true,"href":"https:\/\/skolander.lennartoester.dk\/index.php\/wp-json\/wp\/v2\/comments?post=119"}],"version-history":[{"count":43,"href":"https:\/\/skolander.lennartoester.dk\/index.php\/wp-json\/wp\/v2\/pages\/119\/revisions"}],"predecessor-version":[{"id":576,"href":"https:\/\/skolander.lennartoester.dk\/index.php\/wp-json\/wp\/v2\/pages\/119\/revisions\/576"}],"wp:attachment":[{"href":"https:\/\/skolander.lennartoester.dk\/index.php\/wp-json\/wp\/v2\/media?parent=119"}],"curies":[{"name":"wp","href":"https:\/\/api.w.org\/{rel}","templated":true}]}}