{"id":111,"date":"2025-11-11T13:24:23","date_gmt":"2025-11-11T12:24:23","guid":{"rendered":"https:\/\/skolander.lennartoester.dk\/index.php\/vi-tilbyder-scene\/"},"modified":"2026-01-11T13:44:38","modified_gmt":"2026-01-11T12:44:38","slug":"vi-tilbyder-scene","status":"publish","type":"page","link":"https:\/\/skolander.lennartoester.dk\/index.php\/vi-tilbyder-scene\/","title":{"rendered":"Vi tilbyder &#8211; Scene"},"content":{"rendered":"\t\t<div data-elementor-type=\"wp-page\" data-elementor-id=\"111\" class=\"elementor elementor-111\" data-elementor-post-type=\"page\">\n\t\t\t\t<div class=\"elementor-element elementor-element-168c24c1 e-flex e-con-boxed e-con e-parent\" data-id=\"168c24c1\" data-element_type=\"container\" data-settings=\"{&quot;background_background&quot;:&quot;classic&quot;}\">\n\t\t\t\t\t<div class=\"e-con-inner\">\n\t\t<div class=\"elementor-element elementor-element-6994d131 e-con-full e-flex e-con e-child\" data-id=\"6994d131\" data-element_type=\"container\">\n\t\t\t\t<div class=\"elementor-element elementor-element-69fe8b1d elementor-widget elementor-widget-heading\" data-id=\"69fe8b1d\" data-element_type=\"widget\" data-widget_type=\"heading.default\">\n\t\t\t\t\t<h5 class=\"elementor-heading-title elementor-size-default\">Professionelt udstyr til dit event<\/h5>\t\t\t\t<\/div>\n\t\t\t\t<div class=\"elementor-element elementor-element-6a05c374 elementor-widget elementor-widget-heading\" data-id=\"6a05c374\" data-element_type=\"widget\" data-widget_type=\"heading.default\">\n\t\t\t\t\t<h2 class=\"elementor-heading-title elementor-size-default\">Oplev vores scenetjenester i s\u00e6rklasse<\/h2>\t\t\t\t<\/div>\n\t\t\t\t<div class=\"elementor-element elementor-element-649778e2 elementor-widget elementor-widget-text-editor\" data-id=\"649778e2\" data-element_type=\"widget\" data-widget_type=\"text-editor.default\">\n\t\t\t\t\t\t\t\t\t<p class=\"p1\">Vi bygger scener i alle st\u00f8rrelser og til alle typer af arrangementer. <br \/>Alt vores sceneudstyr er certificeret af Teknologisk Institut.<\/p><p class=\"p1\">Tilbeh\u00f8r: Giraffer, rullepodier, FOH telt, publikumshegn, kabelbroer m.m.<\/p><p class=\"p1\">\u00a0<\/p>\t\t\t\t\t\t\t\t<\/div>\n\t\t<div class=\"elementor-element elementor-element-650d864d e-con-full e-flex e-con e-child\" data-id=\"650d864d\" data-element_type=\"container\">\n\t\t\t\t<div class=\"elementor-element elementor-element-21afbd99 elementor-widget__width-auto elementor-align-right elementor-widget elementor-widget-button\" data-id=\"21afbd99\" data-element_type=\"widget\" data-widget_type=\"button.default\">\n\t\t\t\t\t\t\t\t\t\t<a class=\"elementor-button elementor-button-link elementor-size-sm\" href=\"\/kontakt\/\">\n\t\t\t\t\t\t<span class=\"elementor-button-content-wrapper\">\n\t\t\t\t\t\t\t\t\t<span class=\"elementor-button-text\">Kontakt for at f\u00e5 et tilbud<\/span>\n\t\t\t\t\t<\/span>\n\t\t\t\t\t<\/a>\n\t\t\t\t\t\t\t\t<\/div>\n\t\t\t\t<\/div>\n\t\t\t\t<\/div>\n\t\t\t\t\t<\/div>\n\t\t\t\t<\/div>\n\t\t<div class=\"elementor-element elementor-element-7dd94846 e-flex e-con-boxed e-con e-parent\" data-id=\"7dd94846\" data-element_type=\"container\">\n\t\t\t\t\t<div class=\"e-con-inner\">\n\t\t<div class=\"elementor-element elementor-element-6ddc316f e-con-full e-flex e-con e-child\" data-id=\"6ddc316f\" data-element_type=\"container\">\n\t\t\t\t<div class=\"elementor-element elementor-element-610b876e elementor-widget elementor-widget-image\" data-id=\"610b876e\" data-element_type=\"widget\" data-widget_type=\"image.default\">\n\t\t\t\t\t\t\t\t\t\t\t\t\t\t\t<img fetchpriority=\"high\" decoding=\"async\" width=\"800\" height=\"1000\" src=\"https:\/\/skolander.lennartoester.dk\/wp-content\/uploads\/2025\/12\/457466366_18247530595255283_1135154579634741964_n-819x1024.jpg\" class=\"attachment-large size-large wp-image-387\" alt=\"\" srcset=\"https:\/\/skolander.lennartoester.dk\/wp-content\/uploads\/2025\/12\/457466366_18247530595255283_1135154579634741964_n-819x1024.jpg 819w, https:\/\/skolander.lennartoester.dk\/wp-content\/uploads\/2025\/12\/457466366_18247530595255283_1135154579634741964_n-240x300.jpg 240w, https:\/\/skolander.lennartoester.dk\/wp-content\/uploads\/2025\/12\/457466366_18247530595255283_1135154579634741964_n-768x960.jpg 768w, https:\/\/skolander.lennartoester.dk\/wp-content\/uploads\/2025\/12\/457466366_18247530595255283_1135154579634741964_n-1229x1536.jpg 1229w, https:\/\/skolander.lennartoester.dk\/wp-content\/uploads\/2025\/12\/457466366_18247530595255283_1135154579634741964_n.jpg 1440w\" sizes=\"(max-width: 800px) 100vw, 800px\" \/>\t\t\t\t\t\t\t\t\t\t\t\t\t\t\t<\/div>\n\t\t\t\t<div class=\"elementor-element elementor-element-7e46461d elementor-widget__width-auto elementor-absolute elementor-widget elementor-widget-image\" data-id=\"7e46461d\" data-element_type=\"widget\" data-settings=\"{&quot;_position&quot;:&quot;absolute&quot;}\" data-widget_type=\"image.default\">\n\t\t\t\t\t\t\t\t\t\t\t\t\t\t\t<img decoding=\"async\" width=\"800\" height=\"600\" src=\"https:\/\/skolander.lennartoester.dk\/wp-content\/uploads\/2025\/12\/496047648_1252223000246133_7960450530108378379_n-1024x768.jpg\" class=\"attachment-large size-large wp-image-390\" alt=\"\" srcset=\"https:\/\/skolander.lennartoester.dk\/wp-content\/uploads\/2025\/12\/496047648_1252223000246133_7960450530108378379_n-1024x768.jpg 1024w, https:\/\/skolander.lennartoester.dk\/wp-content\/uploads\/2025\/12\/496047648_1252223000246133_7960450530108378379_n-300x225.jpg 300w, https:\/\/skolander.lennartoester.dk\/wp-content\/uploads\/2025\/12\/496047648_1252223000246133_7960450530108378379_n-768x576.jpg 768w, https:\/\/skolander.lennartoester.dk\/wp-content\/uploads\/2025\/12\/496047648_1252223000246133_7960450530108378379_n-1536x1152.jpg 1536w, https:\/\/skolander.lennartoester.dk\/wp-content\/uploads\/2025\/12\/496047648_1252223000246133_7960450530108378379_n.jpg 2048w\" sizes=\"(max-width: 800px) 100vw, 800px\" \/>\t\t\t\t\t\t\t\t\t\t\t\t\t\t\t<\/div>\n\t\t\t\t<\/div>\n\t\t<div class=\"elementor-element elementor-element-6e6ee1cd e-con-full e-flex e-con e-child\" data-id=\"6e6ee1cd\" data-element_type=\"container\">\n\t\t\t\t<div class=\"elementor-element elementor-element-6a8d8af3 elementor-widget-tablet__width-inherit elementor-widget elementor-widget-heading\" data-id=\"6a8d8af3\" data-element_type=\"widget\" data-widget_type=\"heading.default\">\n\t\t\t\t\t<h2 class=\"elementor-heading-title elementor-size-default\">Kundeanmeldelser<\/h2>\t\t\t\t<\/div>\n\t\t\t\t<div class=\"elementor-element elementor-element-343fcb3f elementor-widget-tablet__width-initial elementor-widget-mobile__width-inherit elementor-widget elementor-widget-testimonial\" data-id=\"343fcb3f\" data-element_type=\"widget\" data-widget_type=\"testimonial.default\">\n\t\t\t\t\t\t\t<div class=\"elementor-testimonial-wrapper\">\n\t\t\t\t\t\t\t<div class=\"elementor-testimonial-content\">SkolanderEvent lavede lyd til markeringen af 70\u00e5ret for Danmarks befrielse p\u00e5 Akseltorv i Kolding, 4. maj 2015, hvor bl.a. Lars L\u00f8kke Rasmussen og S\u00f8ren Espersen talte og Kenneth \u00d8rs\u00f8e sang. Det var fremragende lydarbejde af SkolanderEvent, som meget varmt kan anbefales.<\/div>\n\t\t\t\n\t\t\t\t\t\t<div class=\"elementor-testimonial-meta elementor-has-image elementor-testimonial-image-position-aside\">\n\t\t\t\t<div class=\"elementor-testimonial-meta-inner\">\n\t\t\t\t\t\t\t\t\t\t\t<div class=\"elementor-testimonial-image\">\n\t\t\t\t\t\t\t<img decoding=\"async\" width=\"325\" height=\"325\" src=\"https:\/\/skolander.lennartoester.dk\/wp-content\/uploads\/2026\/01\/kongekampen.png\" class=\"attachment-full size-full wp-image-419\" alt=\"\" srcset=\"https:\/\/skolander.lennartoester.dk\/wp-content\/uploads\/2026\/01\/kongekampen.png 325w, https:\/\/skolander.lennartoester.dk\/wp-content\/uploads\/2026\/01\/kongekampen-300x300.png 300w, https:\/\/skolander.lennartoester.dk\/wp-content\/uploads\/2026\/01\/kongekampen-150x150.png 150w\" sizes=\"(max-width: 325px) 100vw, 325px\" \/>\t\t\t\t\t\t<\/div>\n\t\t\t\t\t\n\t\t\t\t\t\t\t\t\t\t<div class=\"elementor-testimonial-details\">\n\t\t\t\t\t\t\t\t\t\t\t\t\t\t<div class=\"elementor-testimonial-name\">Mathias NeessenEventkoordinator<\/div>\n\t\t\t\t\t\t\t\t\t\t\t\t\t\t\t\t\t\t\t<\/div>\n\t\t\t\t\t\t\t\t\t<\/div>\n\t\t\t<\/div>\n\t\t\t\t\t<\/div>\n\t\t\t\t\t\t<\/div>\n\t\t\t\t<div class=\"elementor-element elementor-element-41524c22 elementor-widget-tablet__width-initial elementor-widget-mobile__width-inherit elementor-widget elementor-widget-testimonial\" data-id=\"41524c22\" data-element_type=\"widget\" data-widget_type=\"testimonial.default\">\n\t\t\t\t\t\t\t<div class=\"elementor-testimonial-wrapper\">\n\t\t\t\t\t\t\t<div class=\"elementor-testimonial-content\">Siden 2017 har vi brugt SkolanderEvent til vores arrangementer. Top profesionelle at arbejde med og der har altid v\u00e6ret en god kemi til at t\u00e6nke nye ideer og skabe de fedeste rammer for vores g\u00e6ster. 5 ud af 5 stjerner herfra!<\/div>\n\t\t\t\n\t\t\t\t\t\t<div class=\"elementor-testimonial-meta elementor-has-image elementor-testimonial-image-position-aside\">\n\t\t\t\t<div class=\"elementor-testimonial-meta-inner\">\n\t\t\t\t\t\t\t\t\t\t\t<div class=\"elementor-testimonial-image\">\n\t\t\t\t\t\t\t<img loading=\"lazy\" decoding=\"async\" width=\"500\" height=\"500\" src=\"https:\/\/skolander.lennartoester.dk\/wp-content\/uploads\/2025\/11\/koldinghus_logo.jpg\" class=\"attachment-full size-full wp-image-50\" alt=\"\" srcset=\"https:\/\/skolander.lennartoester.dk\/wp-content\/uploads\/2025\/11\/koldinghus_logo.jpg 500w, https:\/\/skolander.lennartoester.dk\/wp-content\/uploads\/2025\/11\/koldinghus_logo-300x300.jpg 300w, https:\/\/skolander.lennartoester.dk\/wp-content\/uploads\/2025\/11\/koldinghus_logo-150x150.jpg 150w\" sizes=\"(max-width: 500px) 100vw, 500px\" \/>\t\t\t\t\t\t<\/div>\n\t\t\t\t\t\n\t\t\t\t\t\t\t\t\t\t<div class=\"elementor-testimonial-details\">\n\t\t\t\t\t\t\t\t\t\t\t\t\t\t<div class=\"elementor-testimonial-name\">Charlotte KorsgaardEventkoordinator<\/div>\n\t\t\t\t\t\t\t\t\t\t\t\t\t\t\t\t\t\t\t<\/div>\n\t\t\t\t\t\t\t\t\t<\/div>\n\t\t\t<\/div>\n\t\t\t\t\t<\/div>\n\t\t\t\t\t\t<\/div>\n\t\t\t\t<\/div>\n\t\t\t\t\t<\/div>\n\t\t\t\t<\/div>\n\t\t\t\t<\/div>\n\t\t","protected":false},"excerpt":{"rendered":"<p>Professionelt udstyr til dit event Oplev vores scenetjenester i s\u00e6rklasse Vi bygger scener i alle st\u00f8rrelser og til alle typer af arrangementer. Alt vores sceneudstyr er certificeret af Teknologisk Institut. Tilbeh\u00f8r: Giraffer, rullepodier, FOH telt, publikumshegn, kabelbroer m.m. \u00a0 Kontakt for at f\u00e5 et tilbud Kundeanmeldelser SkolanderEvent lavede lyd til markeringen af 70\u00e5ret for Danmarks [&hellip;]<\/p>\n","protected":false},"author":1,"featured_media":0,"parent":0,"menu_order":0,"comment_status":"closed","ping_status":"closed","template":"","meta":{"footnotes":""},"class_list":["post-111","page","type-page","status-publish","hentry"],"_links":{"self":[{"href":"https:\/\/skolander.lennartoester.dk\/index.php\/wp-json\/wp\/v2\/pages\/111","targetHints":{"allow":["GET"]}}],"collection":[{"href":"https:\/\/skolander.lennartoester.dk\/index.php\/wp-json\/wp\/v2\/pages"}],"about":[{"href":"https:\/\/skolander.lennartoester.dk\/index.php\/wp-json\/wp\/v2\/types\/page"}],"author":[{"embeddable":true,"href":"https:\/\/skolander.lennartoester.dk\/index.php\/wp-json\/wp\/v2\/users\/1"}],"replies":[{"embeddable":true,"href":"https:\/\/skolander.lennartoester.dk\/index.php\/wp-json\/wp\/v2\/comments?post=111"}],"version-history":[{"count":13,"href":"https:\/\/skolander.lennartoester.dk\/index.php\/wp-json\/wp\/v2\/pages\/111\/revisions"}],"predecessor-version":[{"id":525,"href":"https:\/\/skolander.lennartoester.dk\/index.php\/wp-json\/wp\/v2\/pages\/111\/revisions\/525"}],"wp:attachment":[{"href":"https:\/\/skolander.lennartoester.dk\/index.php\/wp-json\/wp\/v2\/media?parent=111"}],"curies":[{"name":"wp","href":"https:\/\/api.w.org\/{rel}","templated":true}]}}